{"id":38,"date":"2026-02-04T11:24:07","date_gmt":"2026-02-04T11:24:07","guid":{"rendered":"https:\/\/dendrofix.ee\/avaleht\/"},"modified":"2026-04-06T10:46:22","modified_gmt":"2026-04-06T10:46:22","slug":"avaleht","status":"publish","type":"page","link":"https:\/\/dendrofix.ee\/en\/","title":{"rendered":"Avaleht"},"content":{"rendered":"<div class=\"wp-block-group alignfull is-style-ext-preset--group--natural-1--section has-background-background-color has-background has-global-padding is-layout-constrained wp-container-core-group-is-layout-e96f6837 wp-block-group-is-layout-constrained\" style=\"margin-top:0;margin-bottom:0;padding-top:0;padding-right:0;padding-bottom:0;padding-left:0\">\n<div class=\"wp-block-cover alignfull is-style-ext-preset--cover--natural-1--cover-overlay-1 is-style-ext-preset--cover--natural-1--cover-overlay-1--2\" style=\"padding-top:var(--wp--preset--spacing--70);padding-right:var(--wp--preset--spacing--30);padding-bottom:var(--wp--preset--spacing--70);padding-left:var(--wp--preset--spacing--30);min-height:60vh;aspect-ratio:unset;\"><img loading=\"lazy\" decoding=\"async\" width=\"790\" height=\"593\" class=\"wp-block-cover__image-background wp-image-85 size-full\" alt=\"\" src=\"https:\/\/dendrofix.ee\/wp-content\/uploads\/2026\/04\/Husqvarna-2.jpg\" data-object-fit=\"cover\" srcset=\"https:\/\/dendrofix.ee\/wp-content\/uploads\/2026\/04\/Husqvarna-2.jpg 790w, https:\/\/dendrofix.ee\/wp-content\/uploads\/2026\/04\/Husqvarna-2-300x225.jpg 300w, https:\/\/dendrofix.ee\/wp-content\/uploads\/2026\/04\/Husqvarna-2-768x576.jpg 768w, https:\/\/dendrofix.ee\/wp-content\/uploads\/2026\/04\/Husqvarna-2-16x12.jpg 16w\" sizes=\"auto, (max-width: 790px) 100vw, 790px\" \/><span aria-hidden=\"true\" class=\"wp-block-cover__background has-background-dim-80 has-background-dim\" style=\"background-color:#010101\"><\/span><div class=\"wp-block-cover__inner-container has-global-padding is-layout-constrained wp-container-core-cover-is-layout-5cffc2c1 wp-block-cover-is-layout-constrained\">\n<div class=\"wp-block-group alignwide is-vertical is-layout-flex wp-container-core-group-is-layout-c35747d5 wp-block-group-is-layout-flex\">\n<div class=\"wp-block-group has-global-padding is-layout-constrained wp-container-core-group-is-layout-2287c683 wp-block-group-is-layout-constrained\">\n<h1 class=\"wp-block-heading has-text-align-left has-text-color has-link-color wp-elements-c587321eadc5d39bde83757f24fdb342\" style=\"color:#fefefe\">Esita hinnap\u00e4ring juba t\u00e4na<\/h1>\n\n\n\n<p><\/p>\n\n\n\n<p class=\"has-text-align-left has-text-color has-link-color wp-elements-91bcd0f0f183b857b4f407b55543fc25\" style=\"color:#fefefe\">Dendrofix pakub erinevaid lahendusi kinnisvara ning maastiku hoolduseks. Pakume niitmist, puude hooldust, viljapuude l\u00f5ikust, ohtlike puude raiet, v\u00f5sal\u00f5ikust, hekkide p\u00fcgamist, k\u00e4ndude freesimist, teostame ka v\u00e4iksemaid remondit\u00f6id, talvisel ajal tegeleme ka lume puhastamisega katustelt, j\u00e4\u00e4purikate eemaldamisega, libedat\u00f5rjega ning lumel\u00fckkamist\u00f6\u00f6dega ja palju muud.<\/p>\n<\/div>\n\n\n\n<div class=\"wp-block-buttons is-layout-flex wp-block-buttons-is-layout-flex\">\n<div class=\"wp-block-button is-style-ext-preset--button--natural-1--button-1 is-style-ext-preset--button--natural-1--button-1--3\"><a class=\"wp-block-button__link has-text-color has-background has-link-color wp-element-button\" href=\"https:\/\/dendrofix.ee\/en\/teenused\/\" style=\"color:#060606;background-color:#fefefe\">Loe lisaks<\/a><\/div>\n<\/div>\n<\/div>\n<\/div><\/div>\n<\/div>\n\n\n\n<div class=\"wp-block-group alignfull is-style-ext-preset--group--natural-1--section has-tertiary-background-color has-background has-global-padding is-layout-constrained wp-container-core-group-is-layout-6714b1d7 wp-block-group-is-layout-constrained\" id=\"meist\" style=\"margin-top:0;margin-bottom:0;padding-top:var(--wp--preset--spacing--70);padding-bottom:var(--wp--preset--spacing--70)\">\n<div class=\"wp-block-group alignwide is-vertical is-content-justification-center is-layout-flex wp-container-core-group-is-layout-c9ee0c5a wp-block-group-is-layout-flex\">\n<div class=\"wp-block-group has-global-padding is-layout-constrained wp-container-core-group-is-layout-2287c683 wp-block-group-is-layout-constrained\">\n<h2 class=\"wp-block-heading has-text-align-center\">Usaldusv\u00e4\u00e4rsed teenused Dendrofixilt<\/h2>\n\n\n\n<p class=\"has-text-align-center\">Dendrofix pakub kvaliteetseid lahendusi, mis vastavad teie vajadustele. Meie eesm\u00e4rk on tagada kliendi rahulolu ning luua v\u00f5imalikult hea ning j\u00e4tkusuutlik elukeskkond. <\/p>\n<\/div>\n<\/div>\n\n\n\n<div class=\"wp-block-columns alignwide is-layout-flex wp-container-core-columns-is-layout-28f84493 wp-block-columns-is-layout-flex\">\n<div class=\"wp-block-column is-layout-flow wp-block-column-is-layout-flow\">\n<figure class=\"wp-block-image size-full is-style-ext-preset-image-natural-1-image-1--content-bottom is-style-ext-preset--image--natural-1--image-1--content-bottom is-style-ext-preset--image--natural-1--image-1--content-bottom--5\"><img loading=\"lazy\" decoding=\"async\" width=\"850\" height=\"638\" src=\"https:\/\/dendrofix.ee\/wp-content\/uploads\/2026\/04\/Husqvarna-1.jpg\" alt=\"\" class=\"wp-image-88\" style=\"aspect-ratio:3\/4;object-fit:cover\" srcset=\"https:\/\/dendrofix.ee\/wp-content\/uploads\/2026\/04\/Husqvarna-1.jpg 850w, https:\/\/dendrofix.ee\/wp-content\/uploads\/2026\/04\/Husqvarna-1-300x225.jpg 300w, https:\/\/dendrofix.ee\/wp-content\/uploads\/2026\/04\/Husqvarna-1-768x576.jpg 768w, https:\/\/dendrofix.ee\/wp-content\/uploads\/2026\/04\/Husqvarna-1-16x12.jpg 16w\" sizes=\"auto, (max-width: 850px) 100vw, 850px\" \/><\/figure>\n<\/div>\n\n\n\n<div class=\"wp-block-column is-layout-flow wp-block-column-is-layout-flow\">\n<figure class=\"wp-block-image aligncenter size-large is-style-ext-preset-image-natural-1-image-1--content-bottom is-style-ext-preset--image--natural-1--image-1--content-bottom is-style-ext-preset--image--natural-1--image-1--content-bottom--6\"><img loading=\"lazy\" decoding=\"async\" width=\"614\" height=\"1024\" src=\"https:\/\/dendrofix.ee\/wp-content\/uploads\/2026\/04\/Stihl-1-614x1024.jpg\" alt=\"\" class=\"wp-image-92\" style=\"aspect-ratio:3\/4;object-fit:cover\" srcset=\"https:\/\/dendrofix.ee\/wp-content\/uploads\/2026\/04\/Stihl-1-614x1024.jpg 614w, https:\/\/dendrofix.ee\/wp-content\/uploads\/2026\/04\/Stihl-1-180x300.jpg 180w, https:\/\/dendrofix.ee\/wp-content\/uploads\/2026\/04\/Stihl-1-7x12.jpg 7w, https:\/\/dendrofix.ee\/wp-content\/uploads\/2026\/04\/Stihl-1.jpg 648w\" sizes=\"auto, (max-width: 614px) 100vw, 614px\" \/><\/figure>\n<\/div>\n\n\n\n<div class=\"wp-block-column is-layout-flow wp-block-column-is-layout-flow\">\n<figure class=\"wp-block-image size-full is-style-ext-preset-image-natural-1-image-1--content-bottom is-style-ext-preset--image--natural-1--image-1--content-bottom is-style-ext-preset--image--natural-1--image-1--content-bottom--7\"><img loading=\"lazy\" decoding=\"async\" width=\"1080\" height=\"675\" src=\"https:\/\/dendrofix.ee\/wp-content\/uploads\/2026\/04\/pruning-secaturs.jpg\" alt=\"\" class=\"wp-image-128\" style=\"aspect-ratio:3\/4;object-fit:cover\" srcset=\"https:\/\/dendrofix.ee\/wp-content\/uploads\/2026\/04\/pruning-secaturs.jpg 1080w, https:\/\/dendrofix.ee\/wp-content\/uploads\/2026\/04\/pruning-secaturs-300x188.jpg 300w, https:\/\/dendrofix.ee\/wp-content\/uploads\/2026\/04\/pruning-secaturs-1024x640.jpg 1024w, https:\/\/dendrofix.ee\/wp-content\/uploads\/2026\/04\/pruning-secaturs-768x480.jpg 768w, https:\/\/dendrofix.ee\/wp-content\/uploads\/2026\/04\/pruning-secaturs-18x12.jpg 18w\" sizes=\"auto, (max-width: 1080px) 100vw, 1080px\" \/><\/figure>\n<\/div>\n<\/div>\n<\/div>\n\n\n\n<div class=\"wp-block-group alignfull is-style-ext-preset--group--natural-1--section has-tertiary-background-color has-background has-global-padding is-layout-constrained wp-block-group-is-layout-constrained\" id=\"kontakt\" style=\"margin-top:0;margin-bottom:0;padding-top:var(--wp--preset--spacing--70);padding-bottom:var(--wp--preset--spacing--70)\">\n<div class=\"wp-block-media-text alignwide has-media-on-the-right is-stacked-on-mobile is-image-fill-element is-style-ext-preset--media-text--natural-1--card-1 has-background-background-color has-background is-style-ext-preset--media-text--natural-1--card-1--9\" style=\"grid-template-columns:auto 48%\"><div class=\"wp-block-media-text__content\">\n<div class=\"wp-block-group alignwide has-global-padding is-layout-constrained wp-container-core-group-is-layout-48493932 wp-block-group-is-layout-constrained\" style=\"padding-top:var(--wp--preset--spacing--55);padding-right:var(--wp--preset--spacing--55);padding-bottom:var(--wp--preset--spacing--55);padding-left:var(--wp--preset--spacing--55)\"><div class=\"wpforms-container wpforms-block wpforms-block-406c62bf-d413-4f54-9e34-6ea96a36e1dd wpforms-render-modern\" id=\"wpforms-33\"><form id=\"wpforms-form-33\" class=\"wpforms-validate wpforms-form wpforms-ajax-form\" data-formid=\"33\" method=\"post\" enctype=\"multipart\/form-data\" action=\"\/en\/wp-json\/wp\/v2\/pages\/38\" data-token=\"07218040534ecf3823bacfa90a81798b\" data-token-time=\"1776348949\" data-trp-original-action=\"\/en\/wp-json\/wp\/v2\/pages\/38\"><noscript class=\"wpforms-error-noscript\">Please enable JavaScript in your browser to complete this form.<\/noscript><div id=\"wpforms-error-noscript\" style=\"display: none;\">Please enable JavaScript in your browser to complete this form.<\/div><div class=\"wpforms-field-container\"><div id=\"wpforms-33-field_1-container\" class=\"wpforms-field wpforms-field-name\" data-field-id=\"1\"><label class=\"wpforms-field-label\" for=\"wpforms-33-field_1\">Nimi <span class=\"wpforms-required-label\" aria-hidden=\"true\">*<\/span><\/label><input type=\"text\" id=\"wpforms-33-field_1\" class=\"wpforms-field-large wpforms-field-required\" name=\"wpforms[fields][1]\" aria-errormessage=\"wpforms-33-field_1-error\" required><\/div>\t\t<div id=\"wpforms-33-field_4-container\"\n\t\t\tclass=\"wpforms-field wpforms-field-text\"\n\t\t\tdata-field-type=\"text\"\n\t\t\tdata-field-id=\"4\"\n\t\t\t>\n\t\t\t<label class=\"wpforms-field-label\" for=\"wpforms-33-field_4\" >Teade Nimi Teema<\/label>\n\t\t\t<input type=\"text\" id=\"wpforms-33-field_4\" class=\"wpforms-field-medium\" name=\"wpforms[fields][4]\" >\n\t\t<\/div>\n\t\t<div id=\"wpforms-33-field_2-container\" class=\"wpforms-field wpforms-field-email\" data-field-id=\"2\"><label class=\"wpforms-field-label\" for=\"wpforms-33-field_2\">E-post <span class=\"wpforms-required-label\" aria-hidden=\"true\">*<\/span><\/label><input type=\"email\" id=\"wpforms-33-field_2\" class=\"wpforms-field-large wpforms-field-required\" name=\"wpforms[fields][2]\" spellcheck=\"false\" aria-errormessage=\"wpforms-33-field_2-error\" required><\/div><div id=\"wpforms-33-field_3-container\" class=\"wpforms-field wpforms-field-text\" data-field-id=\"3\"><label class=\"wpforms-field-label\" for=\"wpforms-33-field_3\">Teema<\/label><input type=\"text\" id=\"wpforms-33-field_3\" class=\"wpforms-field-large\" name=\"wpforms[fields][3]\" aria-errormessage=\"wpforms-33-field_3-error\" ><\/div><div id=\"wpforms-33-field_5-container\" class=\"wpforms-field wpforms-field-textarea\" data-field-id=\"5\"><label class=\"wpforms-field-label\" for=\"wpforms-33-field_5\">Teade<\/label><textarea id=\"wpforms-33-field_5\" class=\"wpforms-field-medium\" name=\"wpforms[fields][5]\" aria-errormessage=\"wpforms-33-field_5-error\" ><\/textarea><\/div><script>\n\t\t\t\t( function() {\n\t\t\t\t\tconst style = document.createElement( 'style' );\n\t\t\t\t\tstyle.appendChild( document.createTextNode( '#wpforms-33-field_4-container { position: absolute !important; overflow: hidden !important; display: inline !important; height: 1px !important; width: 1px !important; z-index: -1000 !important; padding: 0 !important; } #wpforms-33-field_4-container input { visibility: hidden; } #wpforms-conversational-form-page #wpforms-33-field_4-container label { counter-increment: none; }' ) );\n\t\t\t\t\tdocument.head.appendChild( style );\n\t\t\t\t\tdocument.currentScript?.remove();\n\t\t\t\t} )();\n\t\t\t<\/script><\/div><!-- .wpforms-field-container --><div class=\"wpforms-submit-container\" ><input type=\"hidden\" name=\"wpforms[id]\" value=\"33\"><input type=\"hidden\" name=\"page_title\" value=\"\"><input type=\"hidden\" name=\"page_url\" value=\"https:\/\/dendrofix.ee\/en\/wp-json\/wp\/v2\/pages\/38\"><input type=\"hidden\" name=\"url_referer\" value=\"\"><button type=\"submit\" name=\"wpforms[submit]\" id=\"wpforms-submit-33\" class=\"wpforms-submit\" data-alt-text=\"Sending...\" data-submit-text=\"Saada\" aria-live=\"assertive\" value=\"wpforms-submit\">Saada<\/button><img loading=\"lazy\" decoding=\"async\" src=\"https:\/\/dendrofix.ee\/wp-content\/plugins\/wpforms-lite\/assets\/images\/submit-spin.svg\" class=\"wpforms-submit-spinner\" style=\"display: none;\" width=\"26\" height=\"26\" alt=\"Loading\"><\/div><input type=\"hidden\" name=\"trp-form-language\" value=\"en\"\/><\/form><\/div>  <!-- .wpforms-container --><\/div>\n<\/div><figure class=\"wp-block-media-text__media\"><img loading=\"lazy\" decoding=\"async\" width=\"990\" height=\"661\" src=\"https:\/\/dendrofix.ee\/wp-content\/uploads\/2026\/04\/stihl1-1.jpg\" alt=\"\" class=\"wp-image-133 size-full\" style=\"object-position:39% 58%\" srcset=\"https:\/\/dendrofix.ee\/wp-content\/uploads\/2026\/04\/stihl1-1.jpg 990w, https:\/\/dendrofix.ee\/wp-content\/uploads\/2026\/04\/stihl1-1-300x200.jpg 300w, https:\/\/dendrofix.ee\/wp-content\/uploads\/2026\/04\/stihl1-1-768x513.jpg 768w, https:\/\/dendrofix.ee\/wp-content\/uploads\/2026\/04\/stihl1-1-18x12.jpg 18w\" sizes=\"auto, (max-width: 990px) 100vw, 990px\" \/><\/figure><\/div>\n<\/div>","protected":false},"excerpt":{"rendered":"<p>Usaldusv\u00e4\u00e4rsed teenused Dendrofixilt Dendrofix pakub kvaliteetseid lahendusi, mis vastavad teie vajadustele. Meie eesm\u00e4rk on tagada kliendi rahulolu ning luua v\u00f5imalikult hea ning j\u00e4tkusuutlik elukeskkond.<\/p>","protected":false},"author":1,"featured_media":0,"parent":0,"menu_order":0,"comment_status":"closed","ping_status":"closed","template":"no-title","meta":{"_monsterinsights_skip_tracking":false,"_monsterinsights_sitenote_active":false,"_monsterinsights_sitenote_note":"","_monsterinsights_sitenote_category":0,"footnotes":""},"class_list":["post-38","page","type-page","status-publish","hentry"],"aioseo_notices":[],"_links":{"self":[{"href":"https:\/\/dendrofix.ee\/en\/wp-json\/wp\/v2\/pages\/38","targetHints":{"allow":["GET"]}}],"collection":[{"href":"https:\/\/dendrofix.ee\/en\/wp-json\/wp\/v2\/pages"}],"about":[{"href":"https:\/\/dendrofix.ee\/en\/wp-json\/wp\/v2\/types\/page"}],"author":[{"embeddable":true,"href":"https:\/\/dendrofix.ee\/en\/wp-json\/wp\/v2\/users\/1"}],"replies":[{"embeddable":true,"href":"https:\/\/dendrofix.ee\/en\/wp-json\/wp\/v2\/comments?post=38"}],"version-history":[{"count":16,"href":"https:\/\/dendrofix.ee\/en\/wp-json\/wp\/v2\/pages\/38\/revisions"}],"predecessor-version":[{"id":134,"href":"https:\/\/dendrofix.ee\/en\/wp-json\/wp\/v2\/pages\/38\/revisions\/134"}],"wp:attachment":[{"href":"https:\/\/dendrofix.ee\/en\/wp-json\/wp\/v2\/media?parent=38"}],"curies":[{"name":"wp","href":"https:\/\/api.w.org\/{rel}","templated":true}]}}